{"id":9960,"date":"2018-02-17T09:53:24","date_gmt":"2018-02-17T08:53:24","guid":{"rendered":"http:\/\/plastusioweosiedle.pl\/?page_id=9960"},"modified":"2018-02-17T10:23:08","modified_gmt":"2018-02-17T09:23:08","slug":"dzieci-patrza-na-nas","status":"publish","type":"page","link":"https:\/\/plastusioweosiedle.pl\/?page_id=9960","title":{"rendered":"Dzieci patrz\u0105 na nas"},"content":{"rendered":"<p class=\"western\" style=\"text-align: center;\"><span style=\"font-family: Times\\ New\\ Roman, serif;\"><span style=\"font-size: medium;\">Na podst. Dorothy Law Nolte-<\/span><\/span><\/p>\n<p class=\"western\" style=\"text-align: center;\"><span style=\"color: #ff0000;\"><span style=\"font-family: Monotype\\ Corsiva, cursive;\"><span style=\"font-size: 300%;\">\u201eDzieci patrz\u0105 na nas\u201d<\/span><\/span><\/span><\/p>\n<p class=\"western\" align=\"justify\"><span style=\"font-family: Times\\ New\\ Roman, serif;\"><span style=\"font-size: large;\">Dzieci s\u0105 jak lustra, w kt\u00f3rych mo\u017cemy si\u0119 przejrze\u0107. Swoim zachowaniem odzwierciedlaj\u0105 to, co obserwuj\u0105 i czego do\u015bwiadczaj\u0105. <\/span><\/span><\/p>\n<p class=\"western\" align=\"justify\"><span style=\"font-family: Times\\ New\\ Roman, serif;\"><span style=\"font-size: large;\">Dlatego, tak wa\u017cne jest to, w jakich warunkach dorastaj\u0105, na dzia\u0142anie, jakich bod\u017ac\u00f3w s\u0105 wystawione, z jakimi sytuacjami musz\u0105 si\u0119 zmierzy\u0107!<\/span><\/span><\/p>\n<p class=\"western\" align=\"justify\"><span style=\"font-family: Times\\ New\\ Roman, serif;\"><span style=\"font-size: large;\">Nasze zachowanie ma wi\u0119ksze znaczenie, ni\u017c mo\u017ce si\u0119 nam wydawa\u0107!<\/span><\/span><\/p>\n<p class=\"western\" align=\"center\"><strong><span style=\"color: #c00000;\"><span style=\"font-family: Comic\\ Sans\\ MS, cursive;\"><span style=\"font-size: xx-large;\"><u>DZIECI UCZ\u0104 SI\u0118 TEGO, CZEGO DO\u015aWIADCZAJ\u0104!<\/u><\/span><\/span><\/span><\/strong><\/p>\n<p class=\"western\" style=\"text-align: center;\" align=\"justify\"><strong><span style=\"font-family: Corbel, sans-serif;\"><span style=\"font-size: large;\">Dziecko, kt\u00f3re jest krytykowane, nauczy si\u0119 pot\u0119pia\u0107!<\/span><\/span><\/strong><\/p>\n<p class=\"western\" style=\"text-align: center;\" align=\"justify\"><strong><span style=\"font-family: Corbel, sans-serif;\"><span style=\"font-size: large;\">Dziecko, kt\u00f3re jest otoczone wrogo\u015bci\u0105,nauczy si\u0119 walczy\u0107 i atakowa\u0107!<\/span><\/span><\/strong><\/p>\n<p class=\"western\" style=\"text-align: center;\" align=\"justify\"><strong><span style=\"font-family: Corbel, sans-serif;\"><span style=\"font-size: large;\">Dziecko, kt\u00f3re do\u015bwiadcza uszczypliwo\u015bci i wy\u015bmiewania wzmocni w sobie poczucie wstydu!<\/span><\/span><\/strong><\/p>\n<p class=\"western\" style=\"text-align: center;\" align=\"justify\"><strong><span style=\"font-family: Corbel, sans-serif;\"><span style=\"font-size: large;\">Dziecko, kt\u00f3re jest otoczone poczuciem krzywdy, nauczy si\u0119 poczucia winy!<\/span><\/span><\/strong><\/p>\n<p class=\"western\" style=\"text-align: center;\" align=\"justify\"><strong><span style=\"font-family: Corbel, sans-serif;\"><span style=\"font-size: large;\">Dziecko, kt\u00f3remu nie wierzono nauczy si\u0119 oszukiwa\u0107!<\/span><\/span><\/strong><\/p>\n<p class=\"western\" style=\"text-align: center;\" align=\"justify\"><span style=\"color: #339966;\"><strong><span style=\"font-family: Corbel, sans-serif;\"><span style=\"font-size: large;\">Dziecko, kt\u00f3re do\u015bwiadcza nauczy si\u0119 cierpliwo\u015bci <\/span><\/span><\/strong><\/span><\/p>\n<p class=\"western\" style=\"text-align: center;\" align=\"justify\"><strong><span style=\"font-family: Corbel, sans-serif; color: #339966;\"><span style=\"font-size: large;\">tolerancji, i otwarto\u015bci na odmienno\u015b\u0107<\/span><\/span><\/strong><\/p>\n<p class=\"western\" style=\"text-align: center;\" align=\"justify\"><strong><span style=\"font-family: Corbel, sans-serif; color: #339966;\"><span style=\"font-size: large;\">Dziecko, kt\u00f3remu przebaczano, nauczy si\u0119 wyrozumia\u0142o\u015bci!<\/span><\/span><\/strong><\/p>\n<p class=\"western\" style=\"text-align: center;\" align=\"justify\"><strong><span style=\"font-family: Corbel, sans-serif; color: #339966;\"><span style=\"font-size: large;\">Dziecko, kt\u00f3re jest doceniane i wspierane,nauczy si\u0119 otwarto\u015bci na <\/span><\/span><\/strong><\/p>\n<p class=\"western\" style=\"text-align: center;\" align=\"justify\"><strong><span style=\"font-family: Corbel, sans-serif; color: #339966;\"><span style=\"font-size: large;\">\u00a0nowe do\u015bwiadczenia i wiary w siebie!<\/span><\/span><\/strong><\/p>\n<p class=\"western\" style=\"text-align: center;\" align=\"justify\"><strong><span style=\"font-family: Corbel, sans-serif; color: #339966;\"><span style=\"font-size: large;\">Dziecko, kt\u00f3re do\u015bwiadcza akceptacji,nauczy si\u0119 lubi\u0107 <\/span><\/span><\/strong><\/p>\n<p class=\"western\" style=\"text-align: center;\" align=\"justify\"><strong><span style=\"font-family: Corbel, sans-serif; color: #339966;\"><span style=\"font-size: large;\">\u00a0oraz szanowa\u0107 siebie i innych!<\/span><\/span><\/strong><\/p>\n<p class=\"western\" style=\"text-align: center;\" align=\"justify\"><strong><span style=\"font-family: Corbel, sans-serif; color: #339966;\"><span style=\"font-size: large;\">Dziecko, kt\u00f3re czuje \u017ce jest kochane,odnajdzie szcz\u0119\u015bcie<\/span><\/span><\/strong><\/p>\n<p class=\"western\" style=\"text-align: center;\" align=\"justify\"><strong><span style=\"font-family: Corbel, sans-serif; color: #339966;\"><span style=\"font-size: large;\">\u00a0i spe\u0142nienie w \u017cyciu!<\/span><\/span><\/strong><\/p>\n<p>&nbsp;<\/p>\n<p class=\"western\" align=\"justify\">\n","protected":false},"excerpt":{"rendered":"<p>Na podst. Dorothy Law Nolte- \u201eDzieci patrz\u0105 na nas\u201d Dzieci s\u0105 jak lustra, w kt\u00f3rych mo\u017cemy si\u0119 przejrze\u0107. Swoim zachowaniem odzwierciedlaj\u0105 to, co obserwuj\u0105 i czego do\u015bwiadczaj\u0105. Dlatego, tak wa\u017cne jest to, w jakich warunkach dorastaj\u0105, na dzia\u0142anie, jakich bod\u017ac\u00f3w &hellip; <a href=\"https:\/\/plastusioweosiedle.pl\/?page_id=9960\">Czytaj dalej <span class=\"meta-nav\">&rarr;<\/span><\/a><\/p>\n","protected":false},"author":1,"featured_media":0,"parent":2077,"menu_order":0,"comment_status":"closed","ping_status":"closed","template":"","meta":{"footnotes":""},"class_list":["post-9960","page","type-page","status-publish","hentry"],"_links":{"self":[{"href":"https:\/\/plastusioweosiedle.pl\/index.php?rest_route=\/wp\/v2\/pages\/9960","targetHints":{"allow":["GET"]}}],"collection":[{"href":"https:\/\/plastusioweosiedle.pl\/index.php?rest_route=\/wp\/v2\/pages"}],"about":[{"href":"https:\/\/plastusioweosiedle.pl\/index.php?rest_route=\/wp\/v2\/types\/page"}],"author":[{"embeddable":true,"href":"https:\/\/plastusioweosiedle.pl\/index.php?rest_route=\/wp\/v2\/users\/1"}],"replies":[{"embeddable":true,"href":"https:\/\/plastusioweosiedle.pl\/index.php?rest_route=%2Fwp%2Fv2%2Fcomments&post=9960"}],"version-history":[{"count":3,"href":"https:\/\/plastusioweosiedle.pl\/index.php?rest_route=\/wp\/v2\/pages\/9960\/revisions"}],"predecessor-version":[{"id":9963,"href":"https:\/\/plastusioweosiedle.pl\/index.php?rest_route=\/wp\/v2\/pages\/9960\/revisions\/9963"}],"up":[{"embeddable":true,"href":"https:\/\/plastusioweosiedle.pl\/index.php?rest_route=\/wp\/v2\/pages\/2077"}],"wp:attachment":[{"href":"https:\/\/plastusioweosiedle.pl\/index.php?rest_route=%2Fwp%2Fv2%2Fmedia&parent=9960"}],"curies":[{"name":"wp","href":"https:\/\/api.w.org\/{rel}","templated":true}]}}