{"id":2077,"date":"2015-01-29T21:08:31","date_gmt":"2015-01-29T20:08:31","guid":{"rendered":"http:\/\/plastusioweosiedle.pl\/?page_id=2077"},"modified":"2020-02-23T20:34:04","modified_gmt":"2020-02-23T19:34:04","slug":"rekrutacja-201516","status":"publish","type":"page","link":"https:\/\/plastusioweosiedle.pl\/?page_id=2077","title":{"rendered":"List do Rodzic\u00f3w"},"content":{"rendered":"<p>&nbsp;<\/p>\n<p><span style=\"text-decoration: underline;\"><strong>Nie psuj mnie.<\/strong><\/span> Dobrze wiem, \u017ce nie powinnam mie\u0107 tego wszystkiego, czego si\u0119 domagam. To tylko pr\u00f3ba si\u0142 z mojej strony.<\/p>\n<p><span style=\"text-decoration: underline;\"><strong>Nie obawiaj si\u0119 stanowczo\u015bci.<\/strong><\/span> W\u0142a\u015bnie tego potrzebuj\u0119 \u2013 poczucia bezpiecze\u0144stwa.<\/p>\n<p><span style=\"text-decoration: underline;\"><strong>Nie bagatelizuj moich nawyk\u00f3w<\/strong><\/span>. Tylko ty mo\u017cesz pom\u00f3c mi pozby\u0107 si\u0119 ich, p\u00f3ki jest to jeszcze w og\u00f3le mo\u017cliwe.<\/p>\n<p><span style=\"text-decoration: underline;\"><strong>Nie chro\u0144 mnie przed konsekwencjami.<\/strong><\/span> Czasem dobrze jest nauczy\u0107 si\u0119 rzeczy bolesnych i nieprzyjemnych.<\/p>\n<p><span style=\"text-decoration: underline;\"><strong>Nie dawaj mi obietnic bez pokrycia.<\/strong><\/span> Czuj\u0119 si\u0119 przera\u017aliwie st\u0142amszony, kiedy nic z tego wszystkiego nie wychodzi.<\/p>\n<p><span style=\"text-decoration: underline;\"><strong>Nie b\u0105d\u017a niekonsekwentny.<\/strong><\/span> To mnie og\u0142upia i trac\u0119 moj\u0105 wiar\u0119 w Ciebie.<\/p>\n<p><span style=\"text-decoration: underline;\"><strong>Nie odtr\u0105caj mnie, gdy dr\u0119cz\u0119 Ci\u0119 pytaniami.<\/strong><\/span> Mo\u017ce si\u0119 wkr\u00f3tce okaza\u0107, \u017ce zamiast poprosi\u0107 Ci\u0119 o wyja\u015bnienia, poszukam ich gdzie indziej.<\/p>\n<p><span style=\"text-decoration: underline;\"><strong>Nie wyobra\u017caj sobie, i\u017c przepraszaj\u0105c mnie, stracisz autorytet.<\/strong><\/span> Za uczciw\u0105 gr\u0119 umiem podzi\u0119kowa\u0107 mi\u0142o\u015bci\u0105, o jakiej Ci si\u0119 nie \u015bni\u0142o.<\/p>\n<p><span style=\"text-decoration: underline;\"><strong>Nie b\u0105d\u017a \u015blepy i przyznaj, \u017ce ja te\u017c rosn\u0119.<\/strong><\/span> Wiem, \u017ce trudno dotrzyma\u0107 mi kroku w tym galopie, ale zr\u00f3b, co mo\u017cesz, \u017ceby nam si\u0119 uda\u0142o.<\/p>\n<p><span style=\"text-decoration: underline;\"><strong>Nie por\u00f3wnuj mnie z innymi.<\/strong><\/span> Czuj\u0119 wtedy, \u017ce jestem dla ciebie ma\u0142o wa\u017cny.<br \/>\nNie b\u00f3j si\u0119 mi\u0142o\u015bci. Nigdy!<\/p>\n<p style=\"text-align: right;\"><em><strong>Twoje dziecko.<\/strong><\/em><\/p>\n<p>&nbsp;<\/p>\n<p>&nbsp;<\/p>\n<p>&nbsp;<\/p>\n<p>&nbsp;<\/p>\n<p>&nbsp;<\/p>\n<p>&nbsp;<\/p>\n<p>&nbsp;<\/p>\n<p>&nbsp;<\/p>\n","protected":false},"excerpt":{"rendered":"<p>&nbsp; Nie psuj mnie. Dobrze wiem, \u017ce nie powinnam mie\u0107 tego wszystkiego, czego si\u0119 domagam. To tylko pr\u00f3ba si\u0142 z mojej strony. Nie obawiaj si\u0119 stanowczo\u015bci. W\u0142a\u015bnie tego potrzebuj\u0119 \u2013 poczucia bezpiecze\u0144stwa. Nie bagatelizuj moich nawyk\u00f3w. Tylko ty mo\u017cesz pom\u00f3c &hellip; <a href=\"https:\/\/plastusioweosiedle.pl\/?page_id=2077\">Czytaj dalej <span class=\"meta-nav\">&rarr;<\/span><\/a><\/p>\n","protected":false},"author":1,"featured_media":0,"parent":0,"menu_order":2,"comment_status":"closed","ping_status":"open","template":"","meta":{"footnotes":""},"class_list":["post-2077","page","type-page","status-publish","hentry"],"_links":{"self":[{"href":"https:\/\/plastusioweosiedle.pl\/index.php?rest_route=\/wp\/v2\/pages\/2077","targetHints":{"allow":["GET"]}}],"collection":[{"href":"https:\/\/plastusioweosiedle.pl\/index.php?rest_route=\/wp\/v2\/pages"}],"about":[{"href":"https:\/\/plastusioweosiedle.pl\/index.php?rest_route=\/wp\/v2\/types\/page"}],"author":[{"embeddable":true,"href":"https:\/\/plastusioweosiedle.pl\/index.php?rest_route=\/wp\/v2\/users\/1"}],"replies":[{"embeddable":true,"href":"https:\/\/plastusioweosiedle.pl\/index.php?rest_route=%2Fwp%2Fv2%2Fcomments&post=2077"}],"version-history":[{"count":10,"href":"https:\/\/plastusioweosiedle.pl\/index.php?rest_route=\/wp\/v2\/pages\/2077\/revisions"}],"predecessor-version":[{"id":11260,"href":"https:\/\/plastusioweosiedle.pl\/index.php?rest_route=\/wp\/v2\/pages\/2077\/revisions\/11260"}],"wp:attachment":[{"href":"https:\/\/plastusioweosiedle.pl\/index.php?rest_route=%2Fwp%2Fv2%2Fmedia&parent=2077"}],"curies":[{"name":"wp","href":"https:\/\/api.w.org\/{rel}","templated":true}]}}