{"id":2,"date":"2012-12-08T00:46:25","date_gmt":"2012-12-07T23:46:25","guid":{"rendered":"http:\/\/monitoring-24.pl\/new\/?page_id=2"},"modified":"2023-08-30T09:57:09","modified_gmt":"2023-08-30T07:57:09","slug":"informacje-o-przedszkolu","status":"publish","type":"page","link":"https:\/\/plastusioweosiedle.pl\/?page_id=2","title":{"rendered":"O przedszkolu"},"content":{"rendered":"<p align=\"center\"><strong><span style=\"color: #373737;\"><span style=\"font-family: inherit, Times New Roman, serif;\"><span style=\"font-size: large;\"><u>Przedszkole Nr 2 \u201ePlastusiowe Osiedle\u201dw Nowym Tomy\u015blu jest przedszkolem publicznym.<\/u><\/span><\/span><\/span><\/strong><span style=\"color: #373737;\"><span style=\"font-family: Helvetica, sans-serif;\"><span style=\"font-size: large;\"><br \/>\nOrganem prowadz\u0105cym jest Gmina Nowy Tomy\u015bl.<br \/>\nNadz\u00f3r pedagogiczny sprawuje Wielkopolski Kurator O\u015bwiaty.<br \/>\nSw\u0105 po\u017cyteczn\u0105 dzia\u0142alno\u015b\u0107 wychowawczo-dydaktyczn\u0105 na rzecz najm\u0142odszych nowotomy\u015blan przedszkole prowadzi od 1977 roku.<br \/>\nPrzedszkole \u201ePlastusiowe Osiedle\u201d zlokalizowane jest na os. Stefana Batorego 19 w Nowym Tomy\u015blu.<br \/>\nW budynku funkcjonuje sze\u015b\u0107 oddzia\u0142\u00f3w<\/span><\/span><\/span><span style=\"color: #373737;\"><span style=\"font-family: Helvetica, sans-serif;\"><span style=\"font-size: large;\">. Do naszego przedszkola ucz\u0119szcza 1<\/span><\/span><\/span><span style=\"color: #373737;\"><span style=\"font-family: Helvetica, sans-serif;\"><span style=\"font-size: large;\">56<\/span><\/span><\/span><span style=\"color: #373737;\"><span style=\"font-family: Helvetica, sans-serif;\"><span style=\"font-size: large;\"> wychowank\u00f3w w wieku od 3 do 6 lat.<br \/>\nPrzedszkole czynne jest od godziny 6:30 do 16:30.<br \/>\nPrzedszkole \u201ePlastusiowe Osiedle\u201d wyposa\u017cone jest w przestronne, jasne sale oraz plac zabaw dla dzieci.<br \/>\nW\u0142a\u015bciw\u0105 opiek\u0119 nad wychowankami sprawuje zesp\u00f3\u0142 wykwalifikowanych i do\u015bwiadczonych nauczycieli \u2013 dynamicznych, opieku\u0144czych, empatycznych i otwartych. Zapewniamy dzieciom warunku sprzyjaj\u0105ce harmonijnemu i prawid\u0142owemu ich rozwojowi, zdrowiu fizycznemu, psychicznemu oraz bezpiecze\u0144stwu z przestrzeganiem praw i godno\u015bci dziecka.<br \/>\nStwarzamy wychowankom warunki do wszechstronnego rozwoju indywidualnych zainteresowa\u0144 i zdolno\u015bci .<br \/>\nNasze przedszkole \u201eotwarte\u201d jest dla rodzic\u00f3w. Pozytywny wp\u0142yw na klimat naszego przedszkola wywiera dobra wsp\u00f3\u0142praca z rodzicami, kt\u00f3rzy obdarzyli nas swoim zaufaniem. Rodzice naszych przedszkolak\u00f3w maj\u0105 sw\u00f3j aktywny udzia\u0142 w najwa\u017cniejszych uroczysto\u015bciach i imprezach organizowanych zar\u00f3wno w przedszkolu jak i poza nim.<br \/>\nAbsolwenci naszego przedszkola od wielu lat wysoko oceniani s\u0105 przez nauczycieli szk\u00f3\u0142 podstawowych za bardzo dobre przygotowanie do podj\u0119cia nauki w szkole.<br \/>\nW rozwoju wychowank\u00f3w \u2013 p\u00f3\u017aniej uczni\u00f3w, najwyra\u017aniej zaznaczaj\u0105 si\u0119 rozwini\u0119te umiej\u0119tno\u015bci w obszarze ich uspo\u0142ecznienia, rozumowania, my\u015blenia abstrakcyjnego, przyczynowo-skutkowego, znajomo\u015bci elementarnych poj\u0119\u0107 matematycznych, liter a tak\u017ce czytania.<br \/>\nPrzygotowanie dzieci do podj\u0119cia w szkole podstawowej nauki czytania i pisania prowadzone jest innowacyjn\u0105 metod\u0105 prof. B. Roc\u0142awskiego.<br \/>\nOferta programowa naszego przedszkola wzbogacona jest o nauk\u0119 j\u0119zyka angielskiego oraz zaj\u0119cia taneczne.<br \/>\nPrzedszkole od wielu lat wsp\u00f3\u0142pracuje z Poradni\u0105 Psychologiczno-Pedagogiczn\u0105, Miejsk\u0105 i Powiatow\u0105 Bibliotek\u0105 Publiczn\u0105, Nowotomyskim O\u015brodkiem Kultury, Pa\u0144stwow\u0105 Szko\u0142\u0105 Muzyczn\u0105 I Stopnia, szko\u0142ami podstawowymi i ponadpodstawowymi, wieloma zak\u0142adami pracy oraz regionaln\u0105 pras\u0105. W przedszkolu wychowankowie obj\u0119ci s\u0105 specjalistyczn\u0105 opiek\u0105 logopedyczn\u0105.<br \/>\n\u201ePlastusiowe Osiedle\u201d zaprasza dzieci i ich rodzic\u00f3w.<br \/>\nPobyt w tym przedszkolu warunkuje powodzenie Twojego dziecka w szkole!<br \/>\n<\/span><\/span><\/span><strong><span style=\"color: #373737;\"><span style=\"font-family: inherit, Times New Roman, serif;\"><span style=\"font-size: large;\"><u>PERSONEL NASZEGO PRZEDSZKOLA:<\/u><\/span><\/span><\/span><\/strong><span style=\"color: #373737;\"><span style=\"font-family: Helvetica, sans-serif;\"><span style=\"font-size: large;\"><br \/>\n<\/span><\/span><\/span><strong><span style=\"color: #373737;\"><span style=\"font-family: inherit, Times New Roman, serif;\"><span style=\"font-size: large;\"><u>DYREKTOR<\/u><\/span><\/span><\/span><\/strong><span style=\"color: #373737;\"><span style=\"font-family: Helvetica, sans-serif;\"><span style=\"font-size: large;\"><br \/>\nmgr Malwina Pa\u015b<\/span><\/span><\/span><\/p>\n<p><span style=\"color: #373737;\"><span style=\"font-family: Helvetica, sans-serif;\"><span style=\"font-size: large;\"><br \/>\n<\/span><\/span><\/span><strong><span style=\"color: #373737;\"><span style=\"font-family: inherit, Times New Roman, serif;\"><span style=\"font-size: large;\"><u>NAUCZYCIELE<\/u><\/span><\/span><\/span><\/strong><span style=\"color: #373737;\"><span style=\"font-family: Helvetica, sans-serif;\"><span style=\"font-size: large;\"><br \/>\nmgr Aniela Bimkiewicz<\/span><\/span><\/span><\/p>\n<p><span style=\"color: #373737;\"><span style=\"font-family: Helvetica, sans-serif;\"><span style=\"font-size: large;\">mgr Weronika B\u0142aszak<\/span><\/span><\/span><\/p>\n<p><span style=\"color: #373737;\"><span style=\"font-family: Helvetica, sans-serif;\"><span style=\"font-size: large;\">mgr Anna Bobrowicz<\/span><\/span><\/span><\/p>\n<p><span style=\"color: #373737;\"><span style=\"font-family: Helvetica, sans-serif;\"><span style=\"font-size: large;\">mgr Honorata Chalasz<\/span><\/span><\/span><\/p>\n<p><span style=\"color: #373737;\"><span style=\"font-family: Helvetica, sans-serif;\"><span style=\"font-size: large;\">mgr Monika D\u0119bicka<\/span><\/span><\/span><\/p>\n<p><span style=\"color: #373737;\"><span style=\"font-family: Helvetica, sans-serif;\"><span style=\"font-size: large;\">mgr Katarzyna Lutomska<\/span><\/span><\/span><\/p>\n<p><span style=\"color: #373737;\"><span style=\"font-family: Helvetica, sans-serif;\"><span style=\"font-size: large;\">mgr Kamila Pilarska<\/span><\/span><\/span><\/p>\n<p><span style=\"color: #373737;\"><span style=\"font-family: Helvetica, sans-serif;\"><span style=\"font-size: large;\">lic. Irena Szofer<\/span><\/span><\/span><\/p>\n<p>mgr Marika Szumi\u0144ska<\/p>\n<p><span style=\"color: #373737;\"><span style=\"font-family: Helvetica, sans-serif;\"><span style=\"font-size: large;\">mgr Iwona Wojciechowska<\/span><\/span><\/span><\/p>\n<p><span style=\"color: #373737;\"><span style=\"font-family: Helvetica, sans-serif;\"><span style=\"font-size: large;\">lic. Ewa Wojnicka<\/span><\/span><\/span><\/p>\n<p><span style=\"color: #373737;\"><span style=\"font-family: Helvetica, sans-serif;\"><span style=\"font-size: large;\">mgr Jadwiga Wolska<\/span><\/span><\/span><\/p>\n<p><span style=\"color: #373737;\"><span style=\"font-family: Helvetica, sans-serif;\"><span style=\"font-size: large;\">mgr Dominika Wuttke<\/span><\/span><\/span><span style=\"color: #373737;\"><br \/>\n<\/span><\/p>\n<p><strong><span style=\"color: #373737;\"><span style=\"font-family: inherit, Times New Roman, serif;\"><span style=\"font-size: large;\"><u>WO\u0179NE ODDZIA\u0141OWE<\/u><\/span><\/span><\/span><\/strong><span style=\"color: #373737;\"><span style=\"font-family: Helvetica, sans-serif;\"><span style=\"font-size: large;\"><br \/>\nGrupa 3-latki- Marzena Krok- Adamska<br \/>\nGrupa 4 latki- Hanna Szablewska<br \/>\nGrupa 5-latki- Monika Ciorga<br \/>\nGrupa <\/span><\/span><\/span><span style=\"color: #373737;\"><span style=\"font-family: Helvetica, sans-serif;\"><span style=\"font-size: large;\">4-<\/span><\/span><\/span><span style=\"color: #373737;\"><span style=\"font-family: Helvetica, sans-serif;\"><span style=\"font-size: large;\">5-latki- Monika <\/span><\/span><\/span><span style=\"color: #373737;\"><span style=\"font-family: Helvetica, sans-serif;\"><span style=\"font-size: large;\">Sabaturska<\/span><\/span><\/span><span style=\"color: #373737;\"><span style=\"font-family: Helvetica, sans-serif;\"><span style=\"font-size: large;\"><br \/>\nGrupa 6-latki- Patrycja Cytrycka<br \/>\nGrupa <\/span><\/span><\/span><span style=\"color: #373737;\"><span style=\"font-family: Helvetica, sans-serif;\"><span style=\"font-size: large;\">5<\/span><\/span><\/span><span style=\"color: #373737;\"><span style=\"font-family: Helvetica, sans-serif;\"><span style=\"font-size: large;\">&#8211;<\/span><\/span><\/span><span style=\"color: #373737;\"><span style=\"font-family: Helvetica, sans-serif;\"><span style=\"font-size: large;\">6<\/span><\/span><\/span><span style=\"color: #373737;\"><span style=\"font-family: Helvetica, sans-serif;\"><span style=\"font-size: large;\"> latki- <\/span><\/span><\/span><span style=\"color: #373737;\"><span style=\"font-family: Helvetica, sans-serif;\"><span style=\"font-size: large;\">Renata Pelc<\/span><\/span><\/span><\/p>\n<p><strong><span style=\"color: #373737;\"><span style=\"font-family: inherit, Times New Roman, serif;\"><span style=\"font-size: large;\"><u>PANIE KUCHARKI<\/u><\/span><\/span><\/span><\/strong><span style=\"color: #373737;\"><span style=\"font-family: Helvetica, sans-serif;\"><span style=\"font-size: large;\"><br \/>\nSylwia Kroma &#8211; szef kuchni<br \/>\nJustyna Ka\u0144ska<\/span><\/span><\/span><span style=\"color: #373737;\"><span style=\"font-family: Helvetica, sans-serif;\"><span style=\"font-size: large;\"><br \/>\n<\/span><\/span><\/span><\/p>\n<p><span style=\"color: #373737;\"><span style=\"font-family: Helvetica, sans-serif;\"><span style=\"font-size: large;\">Justyna J\u0119drzejczak<\/span><\/span><\/span><\/p>\n<p><strong><span style=\"color: #373737;\"><span style=\"font-family: Helvetica, sans-serif;\"><span style=\"font-size: large;\"><u>REFERENT<\/u><\/span><\/span><\/span><\/strong><\/p>\n<p><span style=\"color: #373737;\"><span style=\"font-family: Helvetica, sans-serif;\"><span style=\"font-size: large;\">Joanna \u0141ukaszyk<\/span><\/span><\/span><\/p>\n<p><span style=\"color: #373737;\"><span style=\"font-family: Helvetica, sans-serif;\"><span style=\"font-size: large;\"><br \/>\n<\/span><\/span><\/span><strong><span style=\"color: #373737;\"><span style=\"font-family: inherit, Times New Roman, serif;\"><span style=\"font-size: large;\"><u>WO\u0179NY- OGRODNIK<\/u><\/span><\/span><\/span><\/strong><span style=\"color: #373737;\"><span style=\"font-family: Helvetica, sans-serif;\"><span style=\"font-size: large;\"><br \/>\nMarek Nowak<\/span><\/span><\/span><\/p>\n<p><span style=\"font-family: Times New Roman, serif;\"><span style=\"font-size: medium;\"><strong><span style=\"color: #373737;\"><span style=\"font-family: inherit, Times New Roman, serif;\">CO PROPONUJEMY DZIECIOM UCZ\u0118SZCZAJ\u0104CYM DO NASZEGO PRZEDSZKOLA?<\/span><\/span><\/strong><span style=\"color: #373737;\"><span style=\"font-family: Helvetica, sans-serif;\"><br \/>\n<\/span><\/span><strong><span style=\"color: #373737;\"><span style=\"font-family: inherit, Times New Roman, serif;\"><u>RAMOWY ROZK\u0141AD DNIA<\/u><\/span><\/span><\/strong><span style=\"color: #373737;\"><span style=\"font-family: Helvetica, sans-serif;\"><br \/>\n\u2022\u00a0<\/span><\/span><strong><span style=\"color: #373737;\"><span style=\"font-family: inherit, Times New Roman, serif;\">6.30 \u2013 8.15<\/span><\/span><\/strong><span style=\"color: #373737;\"><span style=\"font-family: Helvetica, sans-serif;\">\u00a0Codziennie rano z weso\u0142\u0105 min\u0105 przychodzimy do przedszkola. Tu czekaj\u0105 na nas kole\u017canki, koledzy i nasza Pani. Witamy si\u0119 ze wszystkimi i rozpoczynamy zabaw\u0119. Bawimy si\u0119 sami lub z kole\u017cankami i kolegami. Wybieramy to, co nas interesuje: klocki, lalki, samochody, puzzle, gry planszowe, rysujemy, wycinamy, itp.<br \/>\n\u2022\u00a0<\/span><\/span><strong><span style=\"color: #373737;\"><span style=\"font-family: inherit, Times New Roman, serif;\">8.15 \u2013 8.30<\/span><\/span><\/strong><span style=\"color: #373737;\"><span style=\"font-family: Helvetica, sans-serif;\">\u00a0To czas na gimnastyk\u0119 porann\u0105 i zabawy ruchowe. Po zabawach ruchowych idziemy do \u0142azienki, korzystamy z toalety i dok\u0142adnie myjemy r\u0119ce.<br \/>\n\u2022\u00a0<\/span><\/span><strong><span style=\"color: #373737;\"><span style=\"font-family: inherit, Times New Roman, serif;\">8.30 \u2013 8.50<\/span><\/span><\/strong><span style=\"color: #373737;\"><span style=\"font-family: Helvetica, sans-serif;\">\u00a0Teraz zjadamy pyszne i zdrowe \u015bniadanie. Przekonujemy si\u0119, \u017ce mleko i warzywa s\u0105 nie tylko zdrowe, ale i smaczne.<br \/>\n\u2022\u00a0<\/span><\/span><strong><span style=\"color: #373737;\"><span style=\"font-family: inherit, Times New Roman, serif;\">8.50 \u2013 9.20<\/span><\/span><\/strong><span style=\"color: #373737;\"><span style=\"font-family: Helvetica, sans-serif;\">\u00a0Po pysznym \u015bniadanku mamy czas na zabaw\u0119 w k\u0105cikach zainteresowa\u0144 \u2013 ka\u017cdy bawi si\u0119 w to, co lubi najbardziej.<br \/>\n\u2022\u00a0<\/span><\/span><strong><span style=\"color: #373737;\"><span style=\"font-family: inherit, Times New Roman, serif;\">9.20 \u2013 9.30<\/span><\/span><\/strong><span style=\"color: #373737;\"><span style=\"font-family: Helvetica, sans-serif;\">\u00a0Wsp\u00f3lnie z nasz\u0105 Pani\u0105 przygotowujemy si\u0119 do zaj\u0119\u0107 dydaktycznych.<br \/>\nGrupa m\u0142odsza (3-latki)<br \/>\n\u2022\u00a0<\/span><\/span><strong><span style=\"color: #373737;\"><span style=\"font-family: inherit, Times New Roman, serif;\">9.30 \u2013 10.00<\/span><\/span><\/strong><span style=\"color: #373737;\"><span style=\"font-family: Helvetica, sans-serif;\">\u00a0To czas, w kt\u00f3rym dzieje si\u0119 wiele ciekawych rzeczy. Wzbogacamy swoje wiadomo\u015bci, wyzwalamy aktywno\u015b\u0107 w r\u00f3\u017cnych naszych sferach rozwoju. Uczestniczymy w zaj\u0119ciach kierowanych przez Pani\u0105 \u2013 malujemy, lepimy, rysujemy, \u015bpiewamy, ta\u0144czymy, wycinamy, uczestniczymy w zabawach konstrukcyjnych, badawczych i gimnastykujemy si\u0119. Uczymy si\u0119 wierszy, piosenek, czytamy, liczymy, rozwi\u0105zujemy zagadki.<br \/>\n\u2022\u00a0<\/span><\/span><strong><span style=\"color: #373737;\"><span style=\"font-family: inherit, Times New Roman, serif;\">10.00 \u2013 10.15<\/span><\/span><\/strong><span style=\"color: #373737;\"><span style=\"font-family: Helvetica, sans-serif;\">\u00a0Przygotowujemy si\u0119 do wyj\u015bcia na spacer lub na plac zabaw (w czasie zimnych dni ubieramy si\u0119 ciep\u0142o, a w s\u0142oneczne nie zapominamy o nakryciach g\u0142owy).<br \/>\n\u2022\u00a0<\/span><\/span><strong><span style=\"color: #373737;\"><span style=\"font-family: inherit, Times New Roman, serif;\">10.15 \u2013 11.00<\/span><\/span><\/strong><span style=\"color: #373737;\"><span style=\"font-family: Helvetica, sans-serif;\">\u00a0\u015awie\u017ce powietrze to zdrowie, dlatego jest to czas na zabawy na boisku przedszkolnym, gdzie rozwijamy swoj\u0105 wyobra\u017ani\u0119 tworz\u0105c wsp\u00f3lnie r\u00f3\u017cne budowle z piasku. Cz\u0119ste te\u017c spacerujemy po najbli\u017cszym otoczeniu obserwuj\u0105c otaczaj\u0105c\u0105 nas przyrod\u0119 i nie zapominamy o zabawach ruchowych.<br \/>\n\u2022\u00a0<\/span><\/span><strong><span style=\"color: #373737;\"><span style=\"font-family: inherit, Times New Roman, serif;\">11.00 \u2013 11.15<\/span><\/span><\/strong><span style=\"color: #373737;\"><span style=\"font-family: Helvetica, sans-serif;\">\u00a0To czas na przygotowanie do drugiego \u015bniadania. Wszystkie dzieci pami\u0119taj\u0105 o dok\u0142adnym myciu r\u0105k i formach grzeczno\u015bciowych: smacznego i dzi\u0119kuj\u0119.<br \/>\n\u2022\u00a0<\/span><\/span><strong><span style=\"color: #373737;\"><span style=\"font-family: inherit, Times New Roman, serif;\">11.15 \u2013 11.45<\/span><\/span><\/strong><span style=\"color: #373737;\"><span style=\"font-family: Helvetica, sans-serif;\">\u00a0Zjadamy smaczne II \u015bniadanie \u2013 jest to zupa oraz co\u015b na przek\u0105sk\u0119: jogurt, owoce, warzywa albo co\u015b s\u0142odkiego.<br \/>\n\u2022<\/span><\/span><strong><span style=\"color: #373737;\"><span style=\"font-family: inherit, Times New Roman, serif;\">\u00a011.45 \u2013 12.00<\/span><\/span><\/strong><span style=\"color: #373737;\"><span style=\"font-family: Helvetica, sans-serif;\">\u00a0Przygotowujemy si\u0119 do odpoczynku (uczymy si\u0119 samodzielnie rozbiera\u0107 i sk\u0142ada\u0107 swoje ubranka, korzystamy z toalety).<br \/>\n\u2022\u00a0<\/span><\/span><strong><span style=\"color: #373737;\"><span style=\"font-family: inherit, Times New Roman, serif;\">12.00 \u2013 13.15<\/span><\/span><\/strong><span style=\"color: #373737;\"><span style=\"font-family: Helvetica, sans-serif;\"> Teraz czas na odpoczynek \u2013 s\u0142uchaj\u0105c bajek, ba\u015bni czytanych, opowiadanych przez nasz\u0105 pani\u0105 lub muzyki relaksacyjnej szybko zasypiamy.<br \/>\n\u2022<\/span><\/span><strong><span style=\"color: #373737;\"><span style=\"font-family: inherit, Times New Roman, serif;\">\u00a013.15 \u2013 13.40<\/span><\/span><\/strong><span style=\"color: #373737;\"><span style=\"font-family: Helvetica, sans-serif;\">\u00a0Wstajemy, przeci\u0105gamy si\u0119, \u015bci\u0105gamy pi\u017camk\u0119 i ubieramy si\u0119. Nie zapominamy o zabawach ruchowych i przygotowujemy si\u0119 do obiadu.<br \/>\n\u2022\u00a0<\/span><\/span><strong><span style=\"color: #373737;\"><span style=\"font-family: inherit, Times New Roman, serif;\">13.40 \u2013 14.15<\/span><\/span><\/strong><span style=\"color: #373737;\"><span style=\"font-family: Helvetica, sans-serif;\">\u00a0Zjadamy pyszne oraz bogate w witaminy obiadki przygotowane przez panie kucharki.<br \/>\n\u2022\u00a0<\/span><\/span><strong><span style=\"color: #373737;\"><span style=\"font-family: inherit, Times New Roman, serif;\">14.15 \u2013 16.30<\/span><\/span><\/strong><span style=\"color: #373737;\"><span style=\"font-family: Helvetica, sans-serif;\">\u00a0Ko\u0144czy si\u0119 dzie\u0144 w przedszkolu. Rodzice zabieraj\u0105 nas do dom\u00f3w. Ci, kt\u00f3rzy jeszcze zostaj\u0105 maj\u0105 czas na zabaw\u0119 lub na utrwalenie wiadomo\u015bci zdobytych w ci\u0105gu ca\u0142ego dnia. Pami\u0119tamy te\u017c o zabawach ruchowych. W s\u0142oneczne dni bawimy si\u0119 na placu zabaw pami\u0119taj\u0105c o bezpiecznym korzystaniu ze sprz\u0119tu terenowego oraz o tym, \u017ce ma on s\u0142u\u017cy\u0107 innym dzieciom.<br \/>\n<\/span><\/span><strong><span style=\"color: #373737;\"><span style=\"font-family: inherit, Times New Roman, serif;\"><u>Grupy starsze (4-latki, 5-latki, 6-latki)<\/u><\/span><\/span><\/strong><span style=\"color: #373737;\"><span style=\"font-family: Helvetica, sans-serif;\"><br \/>\n\u2022\u00a0<\/span><\/span><strong><span style=\"color: #373737;\"><span style=\"font-family: inherit, Times New Roman, serif;\">9.30 \u2013 10.15<\/span><\/span><\/strong><span style=\"color: #373737;\"><span style=\"font-family: Helvetica, sans-serif;\">\u00a0To czas, w kt\u00f3rym dzieje si\u0119 wiele ciekawych rzeczy. Wzbogacamy swoje wiadomo\u015bci , wyzwalamy aktywno\u015b\u0107 w r\u00f3\u017cnych naszych sferach rozwoju.. Uczymy si\u0119 wierszy, piosenek, czytamy, liczymy, rozwi\u0105zujemy zagadki, rysujemy, malujemy\u2026<br \/>\n\u2022\u00a0<\/span><\/span><strong><span style=\"color: #373737;\"><span style=\"font-family: inherit, Times New Roman, serif;\">10.15 \u2013 10.30<\/span><\/span><\/strong><span style=\"color: #373737;\"><span style=\"font-family: Helvetica, sans-serif;\"> Przygotowujemy si\u0119 do wyj\u015bcia na spacer lub na plac zabaw (w czasie zimnych dni ubieramy si\u0119 ciep\u0142o, a w s\u0142oneczne nie zapominamy o nakryciach g\u0142owy).<br \/>\n\u2022\u00a0<\/span><\/span><strong><span style=\"color: #373737;\"><span style=\"font-family: inherit, Times New Roman, serif;\">10.30 \u2013 11.00<\/span><\/span><\/strong><span style=\"color: #373737;\"><span style=\"font-family: Helvetica, sans-serif;\">\u00a0\u015awie\u017ce powietrze to zdrowie, dlatego jest to czas na zabawy na boisku przedszkolnym, gdzie rozwijamy swoj\u0105 wyobra\u017ani\u0119 tworz\u0105c wsp\u00f3lnie r\u00f3\u017cne budowle z piasku oraz bezpiecznie korzystamy z przyrz\u0105d\u00f3w znajduj\u0105cych si\u0119 na terenie naszego placu zabaw. Spacerujemy po najbli\u017cszym otoczeniu obserwuj\u0105c otaczaj\u0105c\u0105 nas przyrod\u0119 i nie zapominamy o zabawach ruchowych.<br \/>\n\u2022\u00a0<\/span><\/span><strong><span style=\"color: #373737;\"><span style=\"font-family: inherit, Times New Roman, serif;\">11.00 \u2013 11.15<\/span><\/span><\/strong><span style=\"color: #373737;\"><span style=\"font-family: Helvetica, sans-serif;\">\u00a0To czas na przygotowanie II \u015bniadania. Dy\u017curni pomagaj\u0105 pani wo\u017anej w nakryciu stolik\u00f3w i przygotowaniu ich do posi\u0142k\u00f3w. Wszystkie dzieci pami\u0119taj\u0105 o dok\u0142adnym myciu r\u0105k i formach grzeczno\u015bciowych: smacznego i dzi\u0119kuj\u0119.<br \/>\n\u2022\u00a0<\/span><\/span><strong><span style=\"color: #373737;\"><span style=\"font-family: inherit, Times New Roman, serif;\">11.15 \u2013 11.45<\/span><\/span><\/strong><span style=\"color: #373737;\"><span style=\"font-family: Helvetica, sans-serif;\">\u00a0Zjadamy smaczne II \u015bniadanie \u2013 jest to zupa oraz co\u015b na przek\u0105sk\u0119: jogurt, owoce, warzywa albo co\u015b s\u0142odkiego.<br \/>\n\u2022\u00a0<\/span><\/span><strong><span style=\"color: #373737;\"><span style=\"font-family: inherit, Times New Roman, serif;\">11.45 \u2013 13.15<\/span><\/span><\/strong><span style=\"color: #373737;\"><span style=\"font-family: Helvetica, sans-serif;\">\u00a0Bawimy si\u0119 w sali lub na placu zabaw, a poprzez zabaw\u0119 utrwalamy wiadomo\u015bci, ko\u0144czymy zadania rozpocz\u0119te przed po\u0142udniem, rozwijamy swoje zainteresowania i zdolno\u015bci. Uczestniczymy r\u00f3wnie\u017c w zaj\u0119ciach dodatkowych z j\u0119zyka angielskiego, zaj\u0119ciach muzyczno- ruchowych.<br \/>\n\u2022\u00a0<\/span><\/span><strong><span style=\"color: #373737;\"><span style=\"font-family: inherit, Times New Roman, serif;\">13.15 \u2013 13.45<\/span><\/span><\/strong><span style=\"color: #373737;\"><span style=\"font-family: Helvetica, sans-serif;\">\u00a0Po r\u00f3\u017cnych ciekawych zaj\u0119ciach czas na zabaw\u0119 ruchow\u0105 i przygotowanie si\u0119 do obiadu.<br \/>\n\u2022\u00a0<\/span><\/span><strong><span style=\"color: #373737;\"><span style=\"font-family: inherit, Times New Roman, serif;\">13.45 \u2013 14.15<\/span><\/span><\/strong><span style=\"color: #373737;\"><span style=\"font-family: Helvetica, sans-serif;\">\u00a0Zjadamy pyszne oraz bogate w witaminy obiadki przygotowane przez panie kucharki.<br \/>\n\u2022\u00a0<\/span><\/span><strong><span style=\"color: #373737;\"><span style=\"font-family: inherit, Times New Roman, serif;\">14.15 \u2013 16.30<\/span><\/span><\/strong><span style=\"color: #373737;\"><span style=\"font-family: Helvetica, sans-serif;\">\u00a0Ko\u0144czy si\u0119 dzie\u0144 w przedszkolu. Rodzice zabieraj\u0105 nas do dom\u00f3w. Ci, kt\u00f3rzy jeszcze zostaj\u0105 maj\u0105 czas na zabaw\u0119 lub na utrwalenie wiadomo\u015bci zdobytych w ci\u0105gu ca\u0142ego dnia. Pami\u0119tamy te\u017c o zabawach ruchowych. W s\u0142oneczne dni bawimy si\u0119 na placu zabaw pami\u0119taj\u0105c o bezpiecznym korzystaniu ze sprz\u0119tu terenowego oraz o tym, \u017ce ma on s\u0142u\u017cy\u0107 innym dzieciom.<br \/>\nRamowy rozk\u0142ad dnia zosta\u0142 opracowany przez Rad\u0119 Pedagogiczn\u0105 i jest dostosowany do nowej podstawy programowej.<\/span><\/span><\/span><\/span><\/p>\n<p><span style=\"font-family: Times New Roman, serif;\"><span style=\"font-size: medium;\"><strong><span style=\"color: #373737;\"><span style=\"font-family: inherit, Times New Roman, serif;\"><u>ZAJ\u0118CIA DODATKOWE<\/u><\/span><\/span><\/strong><span style=\"color: #373737;\"><span style=\"font-family: Helvetica, sans-serif;\"><br \/>\n\u2022 J\u0118ZYK ANGIELSKI\u2013 zaj\u0119cia odbywaj\u0105 si\u0119 2 razy w tygodniu.<br \/>\n\u2022 RELIGIA\u2013 zaj\u0119cia odbywaj\u0105 si\u0119 1 raz w tygodniu w grupie 5 i 6 latk\u00f3w.<br \/>\n\u2022 ZAJ\u0118CIA LOGOPEDYCZNE\u2013 zaj\u0119cia odbywaj\u0105 si\u0119 2 razy w tygodniu<br \/>\n<strong>IMPREZY I UROCZYSTO\u015aCI:<\/strong><br \/>\n\u2022 Pasowanie na przedszkolaka dzieci z grup najm\u0142odszych.<br \/>\n\u2022 Spotkanie ze \u015aw. Miko\u0142ajem.<br \/>\n\u2022 Uroczyste Wigilie w grupach przedszkolnych i wizyta Gwiazdora.<br \/>\n\u2022 Karnawa\u0142owy Bal Przebiera\u0144c\u00f3w.<br \/>\n\u2022 Poszukiwanie niespodzianek od Wielkanocnego Zaj\u0105czka.<br \/>\n\u2022 Uroczyste obchody \u015awi\u0119ta Mamy i Taty oraz Dziecka.<br \/>\n\u2022 Uroczysto\u015b\u0107 Zako\u0144czenia Przedszkola przez dzieci ko\u0144cz\u0105ce edukacj\u0119 przedszkoln\u0105.<\/span><\/span><\/span><\/span><\/p>\n<p><span style=\"font-family: Times New Roman, serif;\"><span style=\"font-size: medium;\"><strong><span style=\"color: #373737;\"><span style=\"font-family: inherit, Times New Roman, serif;\">ZAPRASZAMY!<\/span><\/span><\/strong><\/span><\/span><\/p>\n<p class=\"western\">\n","protected":false},"excerpt":{"rendered":"<p>Przedszkole Nr 2 \u201ePlastusiowe Osiedle\u201dw Nowym Tomy\u015blu jest przedszkolem publicznym. Organem prowadz\u0105cym jest Gmina Nowy Tomy\u015bl. Nadz\u00f3r pedagogiczny sprawuje Wielkopolski Kurator O\u015bwiaty. Sw\u0105 po\u017cyteczn\u0105 dzia\u0142alno\u015b\u0107 wychowawczo-dydaktyczn\u0105 na rzecz najm\u0142odszych nowotomy\u015blan przedszkole prowadzi od 1977 roku. Przedszkole \u201ePlastusiowe Osiedle\u201d zlokalizowane jest &hellip; <a href=\"https:\/\/plastusioweosiedle.pl\/?page_id=2\">Czytaj dalej <span class=\"meta-nav\">&rarr;<\/span><\/a><\/p>\n","protected":false},"author":1,"featured_media":0,"parent":0,"menu_order":0,"comment_status":"closed","ping_status":"closed","template":"","meta":{"footnotes":""},"class_list":["post-2","page","type-page","status-publish","hentry"],"_links":{"self":[{"href":"https:\/\/plastusioweosiedle.pl\/index.php?rest_route=\/wp\/v2\/pages\/2","targetHints":{"allow":["GET"]}}],"collection":[{"href":"https:\/\/plastusioweosiedle.pl\/index.php?rest_route=\/wp\/v2\/pages"}],"about":[{"href":"https:\/\/plastusioweosiedle.pl\/index.php?rest_route=\/wp\/v2\/types\/page"}],"author":[{"embeddable":true,"href":"https:\/\/plastusioweosiedle.pl\/index.php?rest_route=\/wp\/v2\/users\/1"}],"replies":[{"embeddable":true,"href":"https:\/\/plastusioweosiedle.pl\/index.php?rest_route=%2Fwp%2Fv2%2Fcomments&post=2"}],"version-history":[{"count":33,"href":"https:\/\/plastusioweosiedle.pl\/index.php?rest_route=\/wp\/v2\/pages\/2\/revisions"}],"predecessor-version":[{"id":14404,"href":"https:\/\/plastusioweosiedle.pl\/index.php?rest_route=\/wp\/v2\/pages\/2\/revisions\/14404"}],"wp:attachment":[{"href":"https:\/\/plastusioweosiedle.pl\/index.php?rest_route=%2Fwp%2Fv2%2Fmedia&parent=2"}],"curies":[{"name":"wp","href":"https:\/\/api.w.org\/{rel}","templated":true}]}}