{"id":11453,"date":"2020-05-16T13:15:14","date_gmt":"2020-05-16T11:15:14","guid":{"rendered":"http:\/\/plastusioweosiedle.pl\/?page_id=11453"},"modified":"2020-08-27T19:44:45","modified_gmt":"2020-08-27T17:44:45","slug":"covid-19","status":"publish","type":"page","link":"https:\/\/plastusioweosiedle.pl\/?page_id=11453","title":{"rendered":"COVID-19"},"content":{"rendered":"<p><strong><a href=\"https:\/\/plastusioweosiedle.pl\/wp-content\/uploads\/2020\/08\/Nowe-zarzadzenia-Dyrektorzy-Przedszkola-nr-2-\u2014-1.09.2020.pdf\" target=\"_blank\" rel=\"noopener noreferrer\">1.Nowe zarz\u0105dzenia Dyrektorzy Przedszkola nr 2 \u2014 1.09.2020.pdf<\/a><\/strong><\/p>\n<p><strong><a href=\"https:\/\/plastusioweosiedle.pl\/wp-content\/uploads\/2020\/08\/Procedura-organizacji-pracy-ple-2-\u2014-od-1.09.2020.pdf\" target=\"_blank\" rel=\"noopener noreferrer\">2.Procedura organizacji pracy Przedszkola nr 2\u201ePlastusiowe Osiedle\u201d \u00a0 \u00a0 \u00a0 \u00a0 \u00a0 \u00a0 \u00a0 \u00a0 \u00a0 \u00a0 w Nowym Tomy\u015blu w zawi\u0105zku z zapobieganiem, przeciwdzia\u0142aniem i zwalczaniem COVID-19.pdf<\/a><\/strong><\/p>\n<p><strong><a href=\"https:\/\/plastusioweosiedle.pl\/wp-content\/uploads\/2020\/08\/Procedura-odbioru-dziecka-z-Przedszkola-nr-2-\u2014-1.09.2020.pdf\" target=\"_blank\" rel=\"noopener noreferrer\">3.PROCEDURA przyprowadzania i obierania dziecka do\/z Przedszkola nr 2 \u201ePlastusiowe Osiedle\u201d w Nowym Tomy\u015blu przez rodzica\/opiekuna w zwi\u0105zku \u00a0 \u00a0 \u00a0 \u00a0 \u00a0 z zapobieganiem, przeciwdzia\u0142aniem i zwalczaniem COVID-19.pdf<\/a><\/strong><\/p>\n<p><a href=\"https:\/\/plastusioweosiedle.pl\/wp-content\/uploads\/2020\/08\/Procedury-zapobiegawcze-P2-\u2014-1.09.2020.pdf\" target=\"_blank\" rel=\"noopener noreferrer\"><strong>4.Procedura zapobiegawcza w zawi\u0105zku z zapobieganiem, przeciwdzia\u0142aniem \u00a0 \u00a0 \u00a0 \u00a0 \u00a0\u00a0 i zwalczaniem COVID-19 w Przedszkolu nr 2 \u201ePlastusiowe Osiedle\u201d.pdf<\/strong><br \/>\n<\/a><\/p>\n<p>&nbsp;<\/p>\n","protected":false},"excerpt":{"rendered":"<p>1.Nowe zarz\u0105dzenia Dyrektorzy Przedszkola nr 2 \u2014 1.09.2020.pdf 2.Procedura organizacji pracy Przedszkola nr 2\u201ePlastusiowe Osiedle\u201d \u00a0 \u00a0 \u00a0 \u00a0 \u00a0 \u00a0 \u00a0 \u00a0 \u00a0 \u00a0 w Nowym Tomy\u015blu w zawi\u0105zku z zapobieganiem, przeciwdzia\u0142aniem i zwalczaniem COVID-19.pdf 3.PROCEDURA przyprowadzania i obierania &hellip; <a href=\"https:\/\/plastusioweosiedle.pl\/?page_id=11453\">Czytaj dalej <span class=\"meta-nav\">&rarr;<\/span><\/a><\/p>\n","protected":false},"author":1,"featured_media":0,"parent":0,"menu_order":6,"comment_status":"closed","ping_status":"closed","template":"","meta":{"footnotes":""},"class_list":["post-11453","page","type-page","status-publish","hentry"],"_links":{"self":[{"href":"https:\/\/plastusioweosiedle.pl\/index.php?rest_route=\/wp\/v2\/pages\/11453","targetHints":{"allow":["GET"]}}],"collection":[{"href":"https:\/\/plastusioweosiedle.pl\/index.php?rest_route=\/wp\/v2\/pages"}],"about":[{"href":"https:\/\/plastusioweosiedle.pl\/index.php?rest_route=\/wp\/v2\/types\/page"}],"author":[{"embeddable":true,"href":"https:\/\/plastusioweosiedle.pl\/index.php?rest_route=\/wp\/v2\/users\/1"}],"replies":[{"embeddable":true,"href":"https:\/\/plastusioweosiedle.pl\/index.php?rest_route=%2Fwp%2Fv2%2Fcomments&post=11453"}],"version-history":[{"count":4,"href":"https:\/\/plastusioweosiedle.pl\/index.php?rest_route=\/wp\/v2\/pages\/11453\/revisions"}],"predecessor-version":[{"id":11492,"href":"https:\/\/plastusioweosiedle.pl\/index.php?rest_route=\/wp\/v2\/pages\/11453\/revisions\/11492"}],"wp:attachment":[{"href":"https:\/\/plastusioweosiedle.pl\/index.php?rest_route=%2Fwp%2Fv2%2Fmedia&parent=11453"}],"curies":[{"name":"wp","href":"https:\/\/api.w.org\/{rel}","templated":true}]}}