{"id":10842,"date":"2019-02-09T11:02:15","date_gmt":"2019-02-09T10:02:15","guid":{"rendered":"http:\/\/plastusioweosiedle.pl\/?page_id=10842"},"modified":"2019-11-10T19:09:23","modified_gmt":"2019-11-10T18:09:23","slug":"rodo","status":"publish","type":"page","link":"https:\/\/plastusioweosiedle.pl\/?page_id=10842","title":{"rendered":"RODO"},"content":{"rendered":"<p class=\"western\"><b>\u00a0\u00a0\u00a0\u00a0\u00a0\u00a0\u00a0\u00a0\u00a0\u00a0\u00a0\u00a0\u00a0\u00a0\u00a0\u00a0\u00a0\u00a0\u00a0\u00a0\u00a0\u00a0\u00a0\u00a0\u00a0\u00a0\u00a0\u00a0\u00a0 O\u015bwiadczenie dotycz\u0105ce ochrony danych<\/b><\/p>\n<p class=\"western\" align=\"justify\">Na podstawie niniejszego o\u015bwiadczenia o ochronie danych osobowych chcieliby\u015bmy w spos\u00f3b przejrzysty poinformowa\u0107 wszystkich odwiedzaj\u0105cych nasz\u0105 stron\u0119 internetow\u0105 o rodzaju, zakresie oraz celu pobieranych, wykorzystywanych i przetwarzanych przez nas danych osobowych oraz pouczy\u0107 o przys\u0142uguj\u0105cych Pa\u0144stwu prawach.<\/p>\n<p class=\"western\" align=\"justify\">Korzystanie z naszej strony internetowej jest co do zasady mo\u017cliwe bez podawania danych osobowych.<\/p>\n<p class=\"western\" align=\"justify\">Je\u015bli dane pobierane s\u0105 automatycznie podczas odwiedzin naszych stron internetowych przetwarzane s\u0105 zgodnie z aktualnymi regulacjami ustawowymi dotycz\u0105cymi ochrony danych osobowych.<\/p>\n<p class=\"western\" align=\"justify\">Je\u015bli przetwarzanie Pa\u0144stwa danych osobowych jest konieczne a nie ma ustawowych podstaw do takiego przetwarzania, pozyskujemy co do zasady zgod\u0119 niezb\u0119dn\u0105 do przetwarzania danych.<\/p>\n<p class=\"western\" align=\"justify\">Jako plac\u00f3wka odpowiedzialna za przetwarzanie danych osobowych ustalili\u015bmy \u015brodki techniczne i organizacyjne w celu zagwarantowania jak najwy\u017cszego poziomu ochrony Pa\u0144stwa danych osobowych.<\/p>\n<ol>\n<li>\n<p class=\"western\" align=\"justify\"><b>Dane kontaktowe plac\u00f3wki:<\/b><\/p>\n<\/li>\n<\/ol>\n<p class=\"western\"><u>Administratorem Danych Osobowych jest:<\/u><\/p>\n<p class=\"western\"><b>Przedszkola Nr 2 \u201ePlastusiowe Osiedle\u201d<br \/>\nOs. Batorego 19<br \/>\n64 &#8211; 300 Nowy Tomy\u015bl<\/b><\/p>\n<p class=\"western\"><span lang=\"en-US\"><b>email: <\/b><\/span><span style=\"color: #0563c1;\"><span lang=\"zxx\"><u><a href=\"mailto:plastusioweosiedlent@wp.pl\"><span lang=\"en-US\"><b>plastusioweosiedlent@wp.pl<\/b><\/span><\/a><\/u><\/span><\/span><b> <\/b><\/p>\n<p class=\"western\" lang=\"en-US\"><a name=\"_GoBack\"><\/a> <b>tel.: (61) 44 22\u00a0681 <\/b><\/p>\n<ol start=\"2\">\n<li>\n<p class=\"western\" align=\"justify\"><b>Prawa dotycz\u0105ce danych osobowych os\u00f3b, kt\u00f3rych one dotycz\u0105.<\/b><\/p>\n<\/li>\n<\/ol>\n<p class=\"western\" align=\"justify\">Je\u015bli macie Pa\u0144stwo pytania dotycz\u0105ce swoich danych osobowych, mo\u017cecie si\u0119 Pa\u0144stwo do nas w ka\u017cdej chwili zwr\u00f3ci\u0107 pisemnie, mailowo, telefonicznie, odpowiemy na pytania.<\/p>\n<p class=\"western\" align=\"justify\"><u><b>Zgodnie z RODO macie Pa\u0144stwo nast\u0119puj\u0105ce prawa:<\/b><\/u><\/p>\n<p class=\"western\"><b>Prawo do informacji (art. 15 RODO).<\/b><\/p>\n<p class=\"western\" align=\"justify\">W ka\u017cdym momencie macie Pa\u0144stwo prawo uzyska\u0107 informacje o tym, jakie kategorie danych osobowych oraz jakie informacje odno\u015bnie Pa\u0144stwa przetwarzamy i w jakim celu to czynimy, jak r\u00f3wnie\u017c jak d\u0142ugo i wed\u0142ug jakich kryteri\u00f3w dane te s\u0105 przechowywane<br \/>\ni czy w zwi\u0105zku z tym stosowane jest profilowanie.<\/p>\n<p class=\"western\" align=\"justify\">Ponadto macie Pa\u0144stwo prawo dowiedzie\u0107 si\u0119, jakim odbiorcom wzgl. kategoriom odbiorc\u00f3w dane zosta\u0142y ujawnione lub s\u0105 jeszcze ujawniane; w szczeg\u00f3lno\u015bci w przypadku odbiorc\u00f3w w krajach trzecich lub organizacji mi\u0119dzynarodowych. W tym przypadku macie Pa\u0144stwo r\u00f3wnie\u017c prawo do uzyskania pouczenia w kwestii stosownych gwarancji<br \/>\nw zwi\u0105zku z przekazywaniem Pa\u0144stwa danych osobowych.<\/p>\n<p class=\"western\" align=\"justify\">Opr\u00f3cz prawa do z\u0142o\u017cenia skargi w organie nadzorczym oraz prawa do uzyskania informacji odno\u015bnie pochodzenia Pa\u0144stwa danych macie Pa\u0144stwo prawo do ich usuni\u0119cia, korekty, jak r\u00f3wnie\u017c prawo do ograniczenia ich przetwarzania lub sprzeciwu dotycz\u0105cego przetwarzania Pa\u0144stwa danych osobowych.<\/p>\n<p class=\"western\" align=\"justify\">We wszystkich wy\u017cej wymienionych przypadkach macie Pa\u0144stwo prawo do \u017c\u0105dania od Administratora Danych bezp\u0142atnej kopii swoich danych osobowych, kt\u00f3re przetwarzamy. Za wszystkie inne kopie, o kt\u00f3re Pa\u0144stwo wnioskujecie lub kt\u00f3re wykraczaj\u0105 poza prawo do informacji danej osoby, jeste\u015bmy uprawnieni do pobierania stosownej op\u0142aty administracyjnej.<\/p>\n<p class=\"western\"><b>Prawo do sprostowania danych (art. 16 RODO).<\/b><\/p>\n<p class=\"western\" align=\"justify\">Macie Pa\u0144stwo prawo do \u017c\u0105dania natychmiastowego sprostowania przetwarzanych danych osobowych oraz &#8211; uwzgl\u0119dniaj\u0105c cele przetwarzania \u2013 prawo do \u017c\u0105dania uzupe\u0142nienia niepe\u0142nych danych osobowych.<\/p>\n<p class=\"western\" align=\"justify\">Je\u015bli chcieliby\u015bcie Pa\u0144stwo skorzysta\u0107 z prawa do sprostowania danych, mo\u017cecie Pa\u0144stwo zwr\u00f3ci\u0107 si\u0119 w ka\u017cdej chwili do Administratora Danych celem naniesienia niezb\u0119dnej korekty.<\/p>\n<p class=\"western\"><b>Prawo do usuni\u0119cia danych (art. 17 RODO).<\/b><\/p>\n<p class=\"western\" align=\"justify\">Macie Pa\u0144stwo prawo \u017c\u0105da\u0107 natychmiastowego usuni\u0119cia swoich danych (\u201eprawo do bycia zapomnianym\u201d) w szczeg\u00f3lno\u015bci wtedy, gdy gromadzenie danych nie jest ju\u017c konieczne, gdy Pa\u0144stwo odwo\u0142ali\u015bcie zgod\u0119 na przetwarzanie danych, gdy Pa\u0144stwa dane s\u0105 przetwarzane niezgodnie z prawem lub zosta\u0142y pobrane niezgodnie z prawem i istnieje obowi\u0105zek prawny do usuni\u0119cia danych zgodnie z prawem Unii Europejskiej lub prawem narodowym.<\/p>\n<p class=\"western\" align=\"justify\">Prawo do bycia zapomnianym nie znajduje jednak zastosowania, gdy istnieje przewa\u017caj\u0105ce prawo do swobodnego wyra\u017cania opinii lub swobody informacji, gromadzenie danych jest niezb\u0119dne do spe\u0142nienia zobowi\u0105zania prawnego (np. obowi\u0105zk\u00f3w przechowywania), usuni\u0119cie danych nie jest mo\u017cliwe z tytu\u0142u ci\u0105\u017c\u0105cych na AD obowi\u0105zkach archiwizacyjnych lub gromadzenie danych s\u0142u\u017cy dochodzeniu, wykonaniu lub obronie roszcze\u0144 prawnych.<\/p>\n<p class=\"western\"><b>Prawo do ograniczenia (art. 18 RODO).<\/b><\/p>\n<p class=\"western\" align=\"justify\">Macie Pa\u0144stwo prawo do \u017c\u0105dania ograniczenia przetwarzania swoich danych, gdy kwestionujecie Pa\u0144stwo poprawno\u015b\u0107 danych, ich przetwarzanie jest niezgodne z prawem, odmawiacie Pa\u0144stwo usuni\u0119cia swoich danych osobowych i \u017c\u0105dacie w zamian ograniczenia przetwarzania, gdy konieczny cel przetwarzania przestaje istnie\u0107 lub sprzeciwili\u015bcie si\u0119 Pa\u0144stwo przetwarzaniu danych zgodnie z art. 21 ust. 1, dop\u00f3ki nie ustalono jeszcze, czy uprawnione interesy z naszej strony przewy\u017cszaj\u0105 Pa\u0144stwa interesy.<\/p>\n<p class=\"western\"><b>Prawo do przenoszenia danych (art. 20 RODO).<\/b><\/p>\n<p class=\"western\" align=\"justify\">Macie Pa\u0144stwo prawo do przenoszenia swoich danych osobowych, w powszechnie stosowanej formie, by przekaza\u0107 je bez uszczerbku innej jednostce odpowiedzialnej, je\u015bli np. istnieje zgoda z Pa\u0144stwa strony i przetwarzanie dokonywane jest w drodze zautomatyzowanego post\u0119powania.<\/p>\n<p class=\"western\"><b>Prawo do sprzeciwu (art. 21 RODO).<\/b><\/p>\n<p class=\"western\" align=\"justify\">Macie Pa\u0144stwo prawo do wyra\u017cenia w ka\u017cdej chwili sprzeciwu wobec pobierania, przetwarzania lub wykorzystywania swoich danych osobowych do cel\u00f3w bezpo\u015bredniego pozyskiwania lub badania rynku i opinii oraz marketingowego (promocyjnego) przetwarzania danych, chyba \u017ce mo\u017cemy przed\u0142o\u017cy\u0107 przekonuj\u0105ce i wymagaj\u0105ce ochrony dowody dotycz\u0105ce przetwarzania danych, kt\u00f3re to dowody przewy\u017cszaj\u0105 Pa\u0144stwa interesy, prawa i wolno\u015bci.<\/p>\n<p class=\"western\" align=\"justify\">Ponadto nie mo\u017cecie Pa\u0144stwo skorzysta\u0107 ze swojego prawa do wyra\u017cenia sprzeciwu, gdy przepis prawa przewiduje pobieranie, przetwarzanie i wykorzystywanie danych lub obliguje do pobierania, przetwarzania lub wykorzystywania tych danych.<\/p>\n<p class=\"western\"><b>Prawo do wniesienia skargi do organu nadzorczego (art. 77 RODO).<\/b><\/p>\n<p class=\"western\" align=\"justify\">Przys\u0142uguje Pa\u0144stwu prawo do sk\u0142adania skargi do w\u0142a\u015bciwego organu nadzoru, je\u015bli uwa\u017cacie, \u017ce w przypadku przetwarzania Pa\u0144stwa danych osobowych dosz\u0142o do naruszenia.<\/p>\n<p class=\"western\"><b>Prawo do wycofania zgody w zwi\u0105zku z prawem do ochrony danych osobowych (art. 7. 3 RODO).<\/b><\/p>\n<p class=\"western\" align=\"justify\">Udzielon\u0105 zgod\u0119 na przetwarzanie swoich danych osobowych mo\u017cecie Pa\u0144stwo odwo\u0142a\u0107<br \/>\nw ka\u017cdym momencie bez podania przyczyny. Dotyczy to r\u00f3wnie\u017c odwo\u0142ania o\u015bwiadcze\u0144 o wyra\u017ceniu zgody, kt\u00f3rych nam udzielono przed wej\u015bciem w \u017cycie rozporz\u0105dzenia Unii Europejskiej o ochronie danych osobowych (RODO).<\/p>\n<ol start=\"3\">\n<li>\n<p class=\"western\" align=\"justify\"><b>Podstawa prawna przetwarzania danych.<\/b><\/p>\n<\/li>\n<\/ol>\n<p class=\"western\" align=\"justify\">W przypadku przetwarzania danych osobowych, w zwi\u0105zku, z kt\u00f3rym pozyskujemy zgod\u0119 os\u00f3b, kt\u00f3rych dane s\u0105 przetwarzane, podstaw\u0119 prawn\u0105 stanowi art. 6 ust. 1a RODO.<\/p>\n<p class=\"western\" align=\"justify\">W przypadku przetwarzania danych osobowych niezb\u0119dnych do wykonania umowy,<br \/>\nw kt\u00f3rej stron\u0105 umowy jest osoba, kt\u00f3rej dane s\u0105 przetwarzane, podstaw\u0119 prawn\u0105 stanowi art.6 ust. 1b RODO. Regulacja ta obejmuje r\u00f3wnie\u017c zdarzenia dotycz\u0105ce przetwarzania danych, kt\u00f3re s\u0105 niezb\u0119dne do realizacji dzia\u0142a\u0144 sprzed zawarcia umowy.<\/p>\n<p class=\"western\" align=\"justify\">Je\u015bli przetwarzanie danych osobowych jest konieczne do spe\u0142nienia zobowi\u0105zania prawnego, kt\u00f3remu podlega nasze przedsi\u0119biorstwo, podstaw\u0119 prawn\u0105 stanowi art. 6 ust. 1c RODO.<\/p>\n<p class=\"western\" align=\"justify\">Je\u015bli przetwarzanie danych jest niezb\u0119dne do zachowania uprawnionego interesu naszego przedsi\u0119biorstwa lub osoby trzeciej oraz je\u015bli interesy, podstawowe prawa i wolno\u015bci osoby, kt\u00f3rej dotyczy przetwarzanie danych, nie przewy\u017cszaj\u0105 interesu wymienionego<br \/>\nw pierwszej kolejno\u015bci, wtedy podstaw\u0119 prawn\u0105 do przetwarzania danych stanowi art. 6 ust. 1f RODO. Uprawniony interes naszego przedsi\u0119biorstwa le\u017cy w realizacji naszej dzia\u0142alno\u015bci handlowej oraz analizie, optymalizacji i zachowaniu bezpiecze\u0144stwa naszej oferty internetowej.<\/p>\n<ol start=\"4\">\n<li>\n<p class=\"western\" align=\"justify\"><b>Przekazywanie danych osobom trzecim.<\/b><\/p>\n<\/li>\n<\/ol>\n<p class=\"western\" align=\"justify\">Przekazywanie danych osobom trzecim wykraczaj\u0105ce poza ramy wskazane w niniejszym o\u015bwiadczeniu o ochronie danych osobowych dokonywane jest tylko wtedy, gdy jest to konieczne w celu realizacji \u017c\u0105danej us\u0142ugi.<\/p>\n<p class=\"western\" align=\"justify\">Przekazujemy dane tylko w przypadku istnienia odpowiedniego zobowi\u0105zania prawnego. Zdarza si\u0119 to wtedy, gdy jednostki pa\u0144stwowe (np. organy \u015bcigania spraw karnych) prosz\u0105 w formie pisemnej o informacj\u0119 lub istnieje zarz\u0105dzenie s\u0105du.<\/p>\n<p class=\"western\" align=\"justify\">Pa\u0144stwa dane osobowe nie s\u0105 przekazywane tzw. pa\u0144stwom trzecim spoza Unii Europejskiej\/ Europejskiego Obszaru Gospodarczego.<\/p>\n<ol start=\"5\">\n<li>\n<p class=\"western\" align=\"justify\"><b>Zautomatyzowane podejmowanie decyzji &#8211; profilowanie.<\/b><\/p>\n<\/li>\n<\/ol>\n<p class=\"western\" align=\"justify\">Jako jednostka \u015bwiadoma odpowiedzialno\u015bci w ramach obowi\u0105zk\u00f3w i oferowanych przez nas us\u0142ug oraz strony WWW nie wykorzystujemy profilowania os\u00f3b odwiedzaj\u0105cych nasz\u0105 stron\u0119.<\/p>\n","protected":false},"excerpt":{"rendered":"<p>\u00a0\u00a0\u00a0\u00a0\u00a0\u00a0\u00a0\u00a0\u00a0\u00a0\u00a0\u00a0\u00a0\u00a0\u00a0\u00a0\u00a0\u00a0\u00a0\u00a0\u00a0\u00a0\u00a0\u00a0\u00a0\u00a0\u00a0\u00a0\u00a0 O\u015bwiadczenie dotycz\u0105ce ochrony danych Na podstawie niniejszego o\u015bwiadczenia o ochronie danych osobowych chcieliby\u015bmy w spos\u00f3b przejrzysty poinformowa\u0107 wszystkich odwiedzaj\u0105cych nasz\u0105 stron\u0119 internetow\u0105 o rodzaju, zakresie oraz celu pobieranych, wykorzystywanych i przetwarzanych przez nas danych osobowych oraz pouczy\u0107 o przys\u0142uguj\u0105cych &hellip; <a href=\"https:\/\/plastusioweosiedle.pl\/?page_id=10842\">Czytaj dalej <span class=\"meta-nav\">&rarr;<\/span><\/a><\/p>\n","protected":false},"author":1,"featured_media":0,"parent":0,"menu_order":5,"comment_status":"closed","ping_status":"closed","template":"","meta":{"footnotes":""},"class_list":["post-10842","page","type-page","status-publish","hentry"],"_links":{"self":[{"href":"https:\/\/plastusioweosiedle.pl\/index.php?rest_route=\/wp\/v2\/pages\/10842","targetHints":{"allow":["GET"]}}],"collection":[{"href":"https:\/\/plastusioweosiedle.pl\/index.php?rest_route=\/wp\/v2\/pages"}],"about":[{"href":"https:\/\/plastusioweosiedle.pl\/index.php?rest_route=\/wp\/v2\/types\/page"}],"author":[{"embeddable":true,"href":"https:\/\/plastusioweosiedle.pl\/index.php?rest_route=\/wp\/v2\/users\/1"}],"replies":[{"embeddable":true,"href":"https:\/\/plastusioweosiedle.pl\/index.php?rest_route=%2Fwp%2Fv2%2Fcomments&post=10842"}],"version-history":[{"count":3,"href":"https:\/\/plastusioweosiedle.pl\/index.php?rest_route=\/wp\/v2\/pages\/10842\/revisions"}],"predecessor-version":[{"id":11016,"href":"https:\/\/plastusioweosiedle.pl\/index.php?rest_route=\/wp\/v2\/pages\/10842\/revisions\/11016"}],"wp:attachment":[{"href":"https:\/\/plastusioweosiedle.pl\/index.php?rest_route=%2Fwp%2Fv2%2Fmedia&parent=10842"}],"curies":[{"name":"wp","href":"https:\/\/api.w.org\/{rel}","templated":true}]}}