{"id":10290,"date":"2018-09-14T10:20:03","date_gmt":"2018-09-14T08:20:03","guid":{"rendered":"http:\/\/plastusioweosiedle.pl\/?page_id=10290"},"modified":"2019-11-21T23:15:00","modified_gmt":"2019-11-21T22:15:00","slug":"projekt-unijny","status":"publish","type":"page","link":"https:\/\/plastusioweosiedle.pl\/?page_id=10290","title":{"rendered":"Projekt Unijny"},"content":{"rendered":"<p><img loading=\"lazy\" decoding=\"async\" class=\"alignleft size-large wp-image-10293\" src=\"https:\/\/plastusioweosiedle.pl\/wp-content\/uploads\/2018\/09\/LOGOTYPY-1024x109.jpg\" alt=\"\" width=\"584\" height=\"62\" srcset=\"https:\/\/plastusioweosiedle.pl\/wp-content\/uploads\/2018\/09\/LOGOTYPY-1024x109.jpg 1024w, https:\/\/plastusioweosiedle.pl\/wp-content\/uploads\/2018\/09\/LOGOTYPY-300x32.jpg 300w, https:\/\/plastusioweosiedle.pl\/wp-content\/uploads\/2018\/09\/LOGOTYPY-768x82.jpg 768w, https:\/\/plastusioweosiedle.pl\/wp-content\/uploads\/2018\/09\/LOGOTYPY-500x53.jpg 500w\" sizes=\"auto, (max-width: 584px) 100vw, 584px\" \/><\/p>\n<p>&nbsp;<\/p>\n<p>&nbsp;<\/p>\n<p align=\"center\"><strong><a name=\"_GoBack\"><\/a> <span style=\"font-family: Times New Roman, serif;\"><span style=\"font-size: medium;\">Przedsi\u0119wzi\u0119cie pn.:\u00a0\u201eWsparcie przedszkolak\u00f3w na starcie \u2013 poprawa dost\u0119pno\u015bci i jako\u015bci edukacji przedszkolnej<br \/>\nw Gminie Nowy Tomy\u015bl\u201d dofinansowane w ramach Wielkopolskiego Regionalnego Programu Operacyjnego<br \/>\nna lata 2014-2020.<\/span><\/span><\/strong><\/p>\n<p><span style=\"font-family: Times New Roman, serif;\"><span style=\"font-size: medium;\"><strong>Program<\/strong><b>:<\/b>\u00a0Wielkopolski Regionalny Program Operacyjny na lata 2014-2020<br \/>\n<strong>Priorytet<\/strong>: 8 ,,Edukacja\u201d<br \/>\n<strong>Dzia\u0142anie<\/strong><b>:<\/b>\u00a08.1 ,,Ograniczenie i zapobieganie przedwczesnemu ko\u0144czeniu nauki szkolnej oraz wyr\u00f3wnanie dost\u0119pu do edukacji przedszkolnej i szkolnej\u201d<br \/>\n<strong>Poddzia\u0142anie<\/strong><b>:<\/b>\u00a08.1.1 ,,Edukacja przedszkolna\u201d<br \/>\n<strong>Fundusz<\/strong><b>:<\/b>\u00a0Europejski Fundusz Spo\u0142eczny<\/span><\/span><\/p>\n<p><span style=\"font-family: Times New Roman, serif;\"><span style=\"font-size: medium;\"><strong>Okres realizacji projektu<\/strong><b>:<\/b>\u00a0od 31 marca 2018 r. do 31 sierpnia 2019 r.<br \/>\n<strong>Warto\u015b\u0107 projektu<\/strong><b>:<\/b>\u00a01.442.400,00 z\u0142<\/span><\/span><\/p>\n<p><span style=\"font-family: Times New Roman, serif;\"><span style=\"font-size: medium;\"><strong>Kwota dofinansowania<\/strong><b>:<\/b>\u00a01.226.040,00 z\u0142<\/span><\/span><\/p>\n<p><strong><span style=\"font-family: Times New Roman, serif;\"><span style=\"font-size: medium;\">Opis projektu:<\/span><\/span><\/strong><\/p>\n<p align=\"justify\"><span style=\"font-family: Times New Roman, serif;\"><span style=\"font-size: medium;\">Gmina Nowy Tomy\u015bl dnia 31 sierpnia 2019 r. zako\u0144czy\u0142a realizacj\u0119 projektu pt. <strong>\u201eWsparcie przedszkolak\u00f3w na starcie \u2013 poprawa dost\u0119pno\u015bci i jako\u015bci edukacji przedszkolnej <\/strong><strong>w Gminie Nowy Tomy\u015bl,<\/strong> kt\u00f3rego<b> <\/b>g\u0142\u00f3wnym celem by\u0142o zwi\u0119kszenie wska\u017anika upowszechnienia edukacji przedszkolnej w Gminie Nowy Tomy\u015bl i podniesienie jej jako\u015bci w okresie od 31 marca 2018 r. do 31 sierpnia 2019 r. poprzez utworzenie nowych miejsc dla dziewczynek i ch\u0142opc\u00f3w z grupy wiekowej 3-4 latk\u00f3w.<\/span><\/span><\/p>\n<p><strong><span style=\"font-family: Times New Roman, serif;\"><span style=\"font-size: medium;\">W ramach projektu:<\/span><\/span><\/strong><\/p>\n<p><span style=\"font-family: Times New Roman, serif;\"><span style=\"font-size: medium;\">&#8211; utworzono 100 nowych miejsc (4 oddzia\u0142y) w Przedszkolu nr 1 \u201eMisia Uszatka\u201d w Nowym Tomy\u015blu,<\/span><\/span><\/p>\n<p><span style=\"font-family: Times New Roman, serif;\"><span style=\"font-size: medium;\">&#8211; utworzono 50 nowych miejsc (2 oddzia\u0142y) w Przedszkolu nr 2 \u201ePlastusiowe Osiedle\u201d w Nowym Tomy\u015blu. Zaj\u0119cia dla nowych dzieci odbywa\u0142y si\u0119 w Szkole Podstawowej nr 2 im. Marii Sk\u0142odowskiej w Nowym Tomy\u015blu (1 oddzia\u0142) oraz w Szkole Podstawowej nr 3 im. Feliksa Szo\u0142drskiego w Nowym Tomy\u015blu (1 oddzia\u0142).<\/span><\/span><\/p>\n<p>\u2013 <span style=\"font-family: Times New Roman, serif;\"><span style=\"font-size: medium;\">dostosowano i wyposa\u017cono Przedszkola do przyj\u0119cia dzieci do nowych oddzia\u0142\u00f3w przedszkolnych (m.in. zakup mebli oraz wyposa\u017cenia kuchennego, zakup zabawek dla dzieci i pomocy dydaktycznych, zakup magicznego dywanu i magicznej \u015bciany),<\/span><\/span><\/p>\n<p>\u2013 <span style=\"font-family: Times New Roman, serif;\"><span style=\"font-size: medium;\">doposa\u017cono place zabaw (m.in. zakup hu\u015btawek, piaskownicy, bujaczk\u00f3w),<\/span><\/span><\/p>\n<p>\u2013 <span style=\"font-family: Times New Roman, serif;\"><span style=\"font-size: medium;\">uruchomiono w przedszkolach zaj\u0119cia logopedyczne dla dzieci,<\/span><\/span><\/p>\n<p>\u2013 <span style=\"font-family: Times New Roman, serif;\"><span style=\"font-size: medium;\">zwi\u0119kszono wiedz\u0119 i kompetencje nauczycieli z Gminy Nowy Tomy\u015bl do pracy z dzieckiem w wieku przedszkolnym, w tym z niepe\u0142nosprawno\u015bci\u0105 poprzez wsparcie edukacji 20 nauczycieli z Przedszkola nr 1 i 2.<\/span><\/span><\/p>\n<p><span style=\"font-family: Times New Roman, serif;\"><span style=\"font-size: medium;\"><b>Efekty rzeczowe uzyskane w wyniku realizacji projektu:<\/b><\/span><\/span><\/p>\n<p>\u2013 <span style=\"font-family: Times New Roman, serif;\"><span style=\"font-size: medium;\">liczba miejsc wychowania przedszkolnego dofinansowanych w programie \u2013 150,<\/span><\/span><\/p>\n<p>\u2013 <span style=\"font-family: Times New Roman, serif;\"><span style=\"font-size: medium;\">liczba dzieci obj\u0119tych w ramach programu dodatkowymi zaj\u0119ciami zwi\u0119kszaj\u0105cymi ich szanse edukacyjne w edukacji przedszkolnej \u2013 66,<\/span><\/span><\/p>\n<p>\u2013 <span style=\"font-family: Times New Roman, serif;\"><span style=\"font-size: medium;\">liczba nauczycieli obj\u0119tych wsparciem w programie \u2013 20.<\/span><\/span><\/p>\n","protected":false},"excerpt":{"rendered":"<p>&nbsp; &nbsp; Przedsi\u0119wzi\u0119cie pn.:\u00a0\u201eWsparcie przedszkolak\u00f3w na starcie \u2013 poprawa dost\u0119pno\u015bci i jako\u015bci edukacji przedszkolnej w Gminie Nowy Tomy\u015bl\u201d dofinansowane w ramach Wielkopolskiego Regionalnego Programu Operacyjnego na lata 2014-2020. Program:\u00a0Wielkopolski Regionalny Program Operacyjny na lata 2014-2020 Priorytet: 8 ,,Edukacja\u201d Dzia\u0142anie:\u00a08.1 ,,Ograniczenie &hellip; <a href=\"https:\/\/plastusioweosiedle.pl\/?page_id=10290\">Czytaj dalej <span class=\"meta-nav\">&rarr;<\/span><\/a><\/p>\n","protected":false},"author":1,"featured_media":0,"parent":2,"menu_order":2,"comment_status":"closed","ping_status":"closed","template":"","meta":{"footnotes":""},"class_list":["post-10290","page","type-page","status-publish","hentry"],"_links":{"self":[{"href":"https:\/\/plastusioweosiedle.pl\/index.php?rest_route=\/wp\/v2\/pages\/10290","targetHints":{"allow":["GET"]}}],"collection":[{"href":"https:\/\/plastusioweosiedle.pl\/index.php?rest_route=\/wp\/v2\/pages"}],"about":[{"href":"https:\/\/plastusioweosiedle.pl\/index.php?rest_route=\/wp\/v2\/types\/page"}],"author":[{"embeddable":true,"href":"https:\/\/plastusioweosiedle.pl\/index.php?rest_route=\/wp\/v2\/users\/1"}],"replies":[{"embeddable":true,"href":"https:\/\/plastusioweosiedle.pl\/index.php?rest_route=%2Fwp%2Fv2%2Fcomments&post=10290"}],"version-history":[{"count":5,"href":"https:\/\/plastusioweosiedle.pl\/index.php?rest_route=\/wp\/v2\/pages\/10290\/revisions"}],"predecessor-version":[{"id":11019,"href":"https:\/\/plastusioweosiedle.pl\/index.php?rest_route=\/wp\/v2\/pages\/10290\/revisions\/11019"}],"up":[{"embeddable":true,"href":"https:\/\/plastusioweosiedle.pl\/index.php?rest_route=\/wp\/v2\/pages\/2"}],"wp:attachment":[{"href":"https:\/\/plastusioweosiedle.pl\/index.php?rest_route=%2Fwp%2Fv2%2Fmedia&parent=10290"}],"curies":[{"name":"wp","href":"https:\/\/api.w.org\/{rel}","templated":true}]}}